{"id":15,"date":"2024-08-06T08:03:50","date_gmt":"2024-08-06T08:03:50","guid":{"rendered":"http:\/\/casalda.nl\/?page_id=15"},"modified":"2025-06-12T15:58:16","modified_gmt":"2025-06-12T13:58:16","slug":"home","status":"publish","type":"page","link":"https:\/\/casalda.nl\/pl\/","title":{"rendered":"Strona g\u0142\u00f3wna"},"content":{"rendered":"\t\t<div data-elementor-type=\"wp-page\" data-elementor-id=\"15\" class=\"elementor elementor-15\" data-elementor-post-type=\"page\">\n\t\t\t\t<div class=\"elementor-element elementor-element-27203c4 e-con-full e-flex e-con e-parent\" data-id=\"27203c4\" data-element_type=\"container\" data-e-type=\"container\" data-settings=\"{&quot;jet_parallax_layout_list&quot;:[],&quot;position&quot;:&quot;fixed&quot;}\">\n\t\t<div class=\"elementor-element elementor-element-7300801 e-con-full e-flex e-con e-child\" data-id=\"7300801\" data-element_type=\"container\" data-e-type=\"container\" data-settings=\"{&quot;jet_parallax_layout_list&quot;:[]}\">\n\t\t\t\t<div class=\"elementor-element elementor-element-ae7c6f2 elementor-widget__width-initial elementor-widget elementor-widget-image\" data-id=\"ae7c6f2\" data-element_type=\"widget\" data-e-type=\"widget\" data-widget_type=\"image.default\">\n\t\t\t\t<div class=\"elementor-widget-container\">\n\t\t\t\t\t\t\t\t\t\t\t\t\t\t\t<img fetchpriority=\"high\" decoding=\"async\" width=\"1366\" height=\"500\" src=\"https:\/\/casalda.nl\/wp-content\/uploads\/2024\/10\/1-1.svg\" class=\"attachment-full size-full wp-image-3589\" alt=\"\" \/>\t\t\t\t\t\t\t\t\t\t\t\t\t\t\t<\/div>\n\t\t\t\t<\/div>\n\t\t\t\t<\/div>\n\t\t\t\t<\/div>\n\t\t<div class=\"elementor-element elementor-element-104bcd0 e-con-full e-flex e-con e-parent\" data-id=\"104bcd0\" data-element_type=\"container\" data-e-type=\"container\" data-settings=\"{&quot;jet_parallax_layout_list&quot;:[]}\">\n\t\t        <script>\n        jQuery( document ).ready( function( $ ) {\n            \/\/ Use .on('click', ...) as it is slightly more modern and flexible.\n            $( '.elementor-element-2d6689c' ).css( 'cursor', 'pointer' ).on( 'click', function(e) {\n                \n                var url = 'http:\/\/casalda.nl\/vastgoedverhuren\/';\n\n                                    \/\/ Otherwise, open the link in the same tab.\n                    window.location.href = url;\n                            });\n        });\n        <\/script>\n        <div class=\"elementor-element elementor-element-2d6689c e-con-full e-flex e-con e-child\" data-id=\"2d6689c\" data-element_type=\"container\" data-e-type=\"container\" data-settings=\"{&quot;background_background&quot;:&quot;classic&quot;,&quot;jet_parallax_layout_list&quot;:[],&quot;background_motion_fx_motion_fx_scrolling&quot;:&quot;yes&quot;,&quot;background_motion_fx_scale_effect&quot;:&quot;yes&quot;,&quot;background_motion_fx_scale_speed&quot;:{&quot;unit&quot;:&quot;px&quot;,&quot;size&quot;:1,&quot;sizes&quot;:[]},&quot;background_motion_fx_scale_range&quot;:{&quot;unit&quot;:&quot;%&quot;,&quot;size&quot;:&quot;&quot;,&quot;sizes&quot;:{&quot;start&quot;:0,&quot;end&quot;:100}},&quot;background_motion_fx_scale_direction&quot;:&quot;out-in&quot;,&quot;background_motion_fx_devices&quot;:[&quot;widescreen&quot;,&quot;desktop&quot;,&quot;laptop&quot;,&quot;tablet_extra&quot;,&quot;tablet&quot;,&quot;mobile_extra&quot;,&quot;mobile&quot;]}\">\n\t\t<div class=\"elementor-element elementor-element-1f3dace e-con-full e-flex e-con e-child\" data-id=\"1f3dace\" data-element_type=\"container\" data-e-type=\"container\" data-settings=\"{&quot;jet_parallax_layout_list&quot;:[]}\">\n\t\t\t\t<div class=\"elementor-element elementor-element-1074fc8 elementor-widget elementor-widget-heading\" data-id=\"1074fc8\" data-element_type=\"widget\" data-e-type=\"widget\" data-widget_type=\"heading.default\">\n\t\t\t\t<div class=\"elementor-widget-container\">\n\t\t\t\t\t<h2 class=\"elementor-heading-title elementor-size-default\">Uw vastgoed verhuren?<\/h2>\t\t\t\t<\/div>\n\t\t\t\t<\/div>\n\t\t\t\t<div class=\"elementor-element elementor-element-2214169 elementor-widget elementor-widget-text-editor\" data-id=\"2214169\" data-element_type=\"widget\" data-e-type=\"widget\" data-widget_type=\"text-editor.default\">\n\t\t\t\t<div class=\"elementor-widget-container\">\n\t\t\t\t\t\t\t\t\t<h5><strong>Staat uw woning of project leeg?<\/strong><br \/>Wij zorgen ervoor dat uw vastgoed in goede handen is.<\/h5>\t\t\t\t\t\t\t\t<\/div>\n\t\t\t\t<\/div>\n\t\t\t\t<div class=\"elementor-element elementor-element-0fda000 elementor-widget elementor-widget-button\" data-id=\"0fda000\" data-element_type=\"widget\" data-e-type=\"widget\" data-widget_type=\"button.default\">\n\t\t\t\t<div class=\"elementor-widget-container\">\n\t\t\t\t\t\t\t\t\t<div class=\"elementor-button-wrapper\">\n\t\t\t\t\t<a class=\"elementor-button elementor-button-link elementor-size-sm elementor-animation-shrink\" href=\"http:\/\/casalda.nl\/vastgoedverhuren\/\">\n\t\t\t\t\t\t<span class=\"elementor-button-content-wrapper\">\n\t\t\t\t\t\t\t\t\t<span class=\"elementor-button-text\">Lees verder<\/span>\n\t\t\t\t\t<\/span>\n\t\t\t\t\t<\/a>\n\t\t\t\t<\/div>\n\t\t\t\t\t\t\t\t<\/div>\n\t\t\t\t<\/div>\n\t\t\t\t<\/div>\n\t\t\t\t<\/div>\n\t\t        <script>\n        jQuery( document ).ready( function( $ ) {\n            \/\/ Use .on('click', ...) as it is slightly more modern and flexible.\n            $( '.elementor-element-a3adf53' ).css( 'cursor', 'pointer' ).on( 'click', function(e) {\n                \n                var url = 'http:\/\/casalda.nl\/personeelshuisvesting\/';\n\n                                    \/\/ Otherwise, open the link in the same tab.\n                    window.location.href = url;\n                            });\n        });\n        <\/script>\n        <div class=\"elementor-element elementor-element-a3adf53 e-con-full e-flex e-con e-child\" data-id=\"a3adf53\" data-element_type=\"container\" data-e-type=\"container\" data-settings=\"{&quot;background_background&quot;:&quot;classic&quot;,&quot;jet_parallax_layout_list&quot;:[]}\">\n\t\t<div class=\"elementor-element elementor-element-8b3539c e-con-full e-flex e-con e-child\" data-id=\"8b3539c\" data-element_type=\"container\" data-e-type=\"container\" data-settings=\"{&quot;jet_parallax_layout_list&quot;:[]}\">\n\t\t\t\t<div class=\"elementor-element elementor-element-c542bef elementor-widget elementor-widget-heading\" data-id=\"c542bef\" data-element_type=\"widget\" data-e-type=\"widget\" data-widget_type=\"heading.default\">\n\t\t\t\t<div class=\"elementor-widget-container\">\n\t\t\t\t\t<h2 class=\"elementor-heading-title elementor-size-default\">Op zoek naar personeelshuisvesting?<\/h2>\t\t\t\t<\/div>\n\t\t\t\t<\/div>\n\t\t\t\t<div class=\"elementor-element elementor-element-72323a7 elementor-widget elementor-widget-text-editor\" data-id=\"72323a7\" data-element_type=\"widget\" data-e-type=\"widget\" data-widget_type=\"text-editor.default\">\n\t\t\t\t<div class=\"elementor-widget-container\">\n\t\t\t\t\t\t\t\t\t<h5><b>Behoefte aan plaatsing van uw medewerkers?<br \/><\/b><b><\/b>Wij zorgen ervoor dat uw personeel gerust thuiskomt.<\/h5>\t\t\t\t\t\t\t\t<\/div>\n\t\t\t\t<\/div>\n\t\t\t\t<div class=\"elementor-element elementor-element-a914b73 elementor-widget elementor-widget-button\" data-id=\"a914b73\" data-element_type=\"widget\" data-e-type=\"widget\" data-widget_type=\"button.default\">\n\t\t\t\t<div class=\"elementor-widget-container\">\n\t\t\t\t\t\t\t\t\t<div class=\"elementor-button-wrapper\">\n\t\t\t\t\t<a class=\"elementor-button elementor-button-link elementor-size-sm elementor-animation-shrink\" href=\"http:\/\/casalda.nl\/personeelshuisvesting\/\">\n\t\t\t\t\t\t<span class=\"elementor-button-content-wrapper\">\n\t\t\t\t\t\t\t\t\t<span class=\"elementor-button-text\">Lees verder<\/span>\n\t\t\t\t\t<\/span>\n\t\t\t\t\t<\/a>\n\t\t\t\t<\/div>\n\t\t\t\t\t\t\t\t<\/div>\n\t\t\t\t<\/div>\n\t\t\t\t<\/div>\n\t\t\t\t<\/div>\n\t\t\t\t<\/div>\n\t\t<div class=\"elementor-element elementor-element-a0b5ca1 elementor-hidden-mobile_extra elementor-hidden-mobile e-flex e-con-boxed e-con e-parent\" data-id=\"a0b5ca1\" data-element_type=\"container\" data-e-type=\"container\" data-settings=\"{&quot;jet_parallax_layout_list&quot;:[]}\">\n\t\t\t\t\t<div class=\"e-con-inner\">\n\t\t\t\t\t<\/div>\n\t\t\t\t<\/div>\n\t\t\t\t<\/div>\n\t\t","protected":false},"excerpt":{"rendered":"<p>Wynajmujesz swoj\u0105 nieruchomo\u015b\u0107? Twoja nieruchomo\u015b\u0107 lub projekt jest pusty? Zapewniamy, \u017ce Twoja nieruchomo\u015b\u0107 jest w dobrych r\u0119kach. Czytaj wi\u0119cej Szukasz zakwaterowania dla pracownik\u00f3w? Potrzebujesz umie\u015bci\u0107 swoich pracownik\u00f3w? Dbamy o to, aby Twoi pracownicy wracali do domu w spokoju. Czytaj wi\u0119cej<\/p>","protected":false},"author":1,"featured_media":0,"parent":0,"menu_order":0,"comment_status":"closed","ping_status":"closed","template":"elementor_canvas","meta":{"_acf_changed":false,"footnotes":""},"class_list":["post-15","page","type-page","status-publish","hentry"],"acf":[],"_links":{"self":[{"href":"https:\/\/casalda.nl\/pl\/wp-json\/wp\/v2\/pages\/15","targetHints":{"allow":["GET"]}}],"collection":[{"href":"https:\/\/casalda.nl\/pl\/wp-json\/wp\/v2\/pages"}],"about":[{"href":"https:\/\/casalda.nl\/pl\/wp-json\/wp\/v2\/types\/page"}],"author":[{"embeddable":true,"href":"https:\/\/casalda.nl\/pl\/wp-json\/wp\/v2\/users\/1"}],"replies":[{"embeddable":true,"href":"https:\/\/casalda.nl\/pl\/wp-json\/wp\/v2\/comments?post=15"}],"version-history":[{"count":5,"href":"https:\/\/casalda.nl\/pl\/wp-json\/wp\/v2\/pages\/15\/revisions"}],"predecessor-version":[{"id":7642,"href":"https:\/\/casalda.nl\/pl\/wp-json\/wp\/v2\/pages\/15\/revisions\/7642"}],"wp:attachment":[{"href":"https:\/\/casalda.nl\/pl\/wp-json\/wp\/v2\/media?parent=15"}],"curies":[{"name":"wp","href":"https:\/\/api.w.org\/{rel}","templated":true}]}}